{"id":1033,"date":"2025-10-06T17:33:33","date_gmt":"2025-10-06T17:33:33","guid":{"rendered":"https:\/\/www.gartenverein-erdmannsdorf.de\/?page_id=1033"},"modified":"2026-03-29T10:57:12","modified_gmt":"2026-03-29T10:57:12","slug":"informationen-termine","status":"publish","type":"page","link":"https:\/\/www.gartenverein-erdmannsdorf.de\/?page_id=1033","title":{"rendered":"Informationen"},"content":{"rendered":"\n<div class=\"wp-block-columns\">\n<div class=\"wp-block-column\" style=\"flex-basis:100%\">\n<p class=\"has-text-align-center has-black-background-color has-text-color has-background has-medium-font-size\" style=\"color:#f6090d\"><strong>Information zu Rechnungen und Bankverbindung<\/strong><\/p>\n\n\n\n<p class=\"has-text-align-center has-background has-medium-font-size\" style=\"background-color:#f3dd1b\">Die Mitglieder-Rechnungen sind seit 2024 zu \u00fcberweisen                                        (Beschluss Jahreshauptversammlung 05.11.2023<\/p>\n\n\n\n<p class=\"has-text-align-center has-background has-medium-font-size\" style=\"background-color:#1ca300\">Die korrekte Schreibweise des Zahlungsempf\u00e4ngers       f\u00fcr \u00dcberweisungen lautet                                      <strong>Kleingartenverein Erdmannsdorf e.V.<\/strong><\/p>\n\n\n\n<div class=\"wp-block-image\"><figure class=\"aligncenter size-full\"><a href=\"https:\/\/www.gartenverein-erdmannsdorf.de\/wp-content\/uploads\/image.png\"><img loading=\"lazy\" width=\"580\" height=\"479\" src=\"https:\/\/www.gartenverein-erdmannsdorf.de\/wp-content\/uploads\/image.png\" alt=\"\" class=\"wp-image-1052\" srcset=\"https:\/\/www.gartenverein-erdmannsdorf.de\/wp-content\/uploads\/image.png 580w, https:\/\/www.gartenverein-erdmannsdorf.de\/wp-content\/uploads\/image-300x248.png 300w, https:\/\/www.gartenverein-erdmannsdorf.de\/wp-content\/uploads\/image-363x300.png 363w\" sizes=\"(max-width: 580px) 100vw, 580px\" \/><\/a><figcaption>  <em>KGV Erdmannsdorf e.V.<\/em>  <\/figcaption><\/figure><\/div>\n\n\n\n<div class=\"wp-block-columns are-vertically-aligned-center\">\n<div class=\"wp-block-column is-vertically-aligned-center\" style=\"flex-basis:100%\">\n<p><\/p>\n\n\n\n<figure class=\"wp-block-pullquote is-style-default\"><blockquote><p><strong>Wir suchen einen Wertermittlungsgutachter.<\/strong><\/p><p><strong> Bei Interesse bitte an den Vorstand wenden. <\/strong><\/p><p><strong>Lehrg\u00e4nge finden beim Regionalverband statt<\/strong><\/p><cite>KGV Erdmannsdorf e.V.<\/cite><\/blockquote><\/figure>\n<\/div>\n<\/div>\n\n\n\n<div class=\"wp-block-columns\">\n<div class=\"wp-block-column\" style=\"flex-basis:100%\"><\/div>\n<\/div>\n<\/div>\n<\/div>\n\n\n\n<p><\/p>\n","protected":false},"excerpt":{"rendered":"<p>Information zu Rechnungen und Bankverbindung Die Mitglieder-Rechnungen sind seit 2024 zu \u00fcberweisen (Beschluss Jahreshauptversammlung 05.11.2023 Die korrekte Schreibweise des Zahlungsempf\u00e4ngers f\u00fcr \u00dcberweisungen lautet Kleingartenverein Erdmannsdorf e.V. Wir suchen einen Wertermittlungsgutachter. Bei Interesse bitte an den Vorstand wenden. Lehrg\u00e4nge finden beim &hellip; <a href=\"https:\/\/www.gartenverein-erdmannsdorf.de\/?page_id=1033\">Weiterlesen <span class=\"meta-nav\">&rarr;<\/span><\/a><\/p>\n","protected":false},"author":1,"featured_media":0,"parent":0,"menu_order":0,"comment_status":"closed","ping_status":"closed","template":"","meta":{"ngg_post_thumbnail":0},"_links":{"self":[{"href":"https:\/\/www.gartenverein-erdmannsdorf.de\/index.php?rest_route=\/wp\/v2\/pages\/1033"}],"collection":[{"href":"https:\/\/www.gartenverein-erdmannsdorf.de\/index.php?rest_route=\/wp\/v2\/pages"}],"about":[{"href":"https:\/\/www.gartenverein-erdmannsdorf.de\/index.php?rest_route=\/wp\/v2\/types\/page"}],"author":[{"embeddable":true,"href":"https:\/\/www.gartenverein-erdmannsdorf.de\/index.php?rest_route=\/wp\/v2\/users\/1"}],"replies":[{"embeddable":true,"href":"https:\/\/www.gartenverein-erdmannsdorf.de\/index.php?rest_route=%2Fwp%2Fv2%2Fcomments&post=1033"}],"version-history":[{"count":15,"href":"https:\/\/www.gartenverein-erdmannsdorf.de\/index.php?rest_route=\/wp\/v2\/pages\/1033\/revisions"}],"predecessor-version":[{"id":1084,"href":"https:\/\/www.gartenverein-erdmannsdorf.de\/index.php?rest_route=\/wp\/v2\/pages\/1033\/revisions\/1084"}],"wp:attachment":[{"href":"https:\/\/www.gartenverein-erdmannsdorf.de\/index.php?rest_route=%2Fwp%2Fv2%2Fmedia&parent=1033"}],"curies":[{"name":"wp","href":"https:\/\/api.w.org\/{rel}","templated":true}]}}