{"id":39,"date":"2011-10-20T23:50:32","date_gmt":"2011-10-20T23:50:32","guid":{"rendered":"http:\/\/www.gartenverein-erdmannsdorf.de\/?page_id=39"},"modified":"2026-03-29T10:59:53","modified_gmt":"2026-03-29T10:59:53","slug":"39-2","status":"publish","type":"page","link":"http:\/\/www.gartenverein-erdmannsdorf.de","title":{"rendered":""},"content":{"rendered":"<p style=\"text-align: center;\">Unser Kleingartenverein wurde 1932 gegr\u00fcndet und besteht aus insgesamt 164 G\u00e4rten, welche sich in den Ortschaften Erdmannsdorf und Kunnersdorf befinden.&nbsp;&nbsp;<\/p>\n<p style=\"text-align: center;\">Die insgesamt 153 G\u00e4rten in Erdmannsdorf teilen sich in 4 Anlagen auf, und befinden sich in leichter Hanglage in N\u00e4he der Stra\u00dfe nach Chemnitz mit sonniger, s\u00fcd\u00f6stlicher Ausrichtung und herrlichem Blick zur Augustusburg.<\/p>\n<p style=\"text-align: center;\">In der Ortslage Kunnersdorf, mitten im Zschopautal sind die \u00fcbrigen 11 G\u00e4rten unseres Vereins unfern des Flu\u00dflaufs zu finden.<\/p>\n<p style=\"text-align: center;\">Die Gartenanlagen des Vereins liegen somit in ruhiger, waldreicher und sonniger Lage, umgeben von bekannten Ausflugszielen wie der bereits genannten Augustusburg, dem Sternm\u00fchlental und dem Kunnerstein.<\/p>\n<p style=\"text-align: center;\"><em>Im Folgenden einige Zahlen und Fakten zum Verein:<\/em><\/p>\n<ul>\n<li style=\"text-align: left;\">Der Verein hat derzeit (Stand Juli 2011) 221 Mitglieder einschlie\u00dflich Ehegatten<\/li>\n<li style=\"text-align: left;\">Die gesamte gepachtete Fl\u00e4che (kommunal und privat) betr\u00e4gt ca. 54.000 m\u00b2<\/li>\n<li style=\"text-align: left;\">In 5 Anlagen sind derzeit insgesamt 164 G\u00e4rten vorhanden, die sich wie folgt aufteilen:<\/li>\n<\/ul>\n<p style=\"text-align: justify; padding-left: 90px;\">Jahnstra\u00dfe: 71 G\u00e4rten&nbsp;&nbsp;<br \/>\nMittelweg rechts: 49 G\u00e4rten&nbsp;<br \/>\nMittelweg links: 21 G\u00e4rten<br \/>\nRo\u00dfberg: 12 G\u00e4rten<br \/>\nKunnersdorf: 11 G\u00e4rten<\/p>\n<p style=\"text-align: center;\">Zum Kleingartenverein geh\u00f6rt ein Vereinsheim.<\/p>\n<p style=\"text-align: center;\"><a href=\"http:\/\/www.gartenverein-erdmannsdorf.de\/wp-content\/uploads\/IMG_0567-scaled.jpg\"><img loading=\"lazy\" class=\"aligncenter wp-image-949 size-full\" src=\"http:\/\/www.gartenverein-erdmannsdorf.de\/wp-content\/uploads\/IMG_0567-scaled.jpg\" alt=\"\" width=\"2560\" height=\"1403\" srcset=\"https:\/\/www.gartenverein-erdmannsdorf.de\/wp-content\/uploads\/IMG_0567-scaled.jpg 2560w, https:\/\/www.gartenverein-erdmannsdorf.de\/wp-content\/uploads\/IMG_0567-300x164.jpg 300w, https:\/\/www.gartenverein-erdmannsdorf.de\/wp-content\/uploads\/IMG_0567-1024x561.jpg 1024w, https:\/\/www.gartenverein-erdmannsdorf.de\/wp-content\/uploads\/IMG_0567-768x421.jpg 768w, https:\/\/www.gartenverein-erdmannsdorf.de\/wp-content\/uploads\/IMG_0567-1536x842.jpg 1536w, https:\/\/www.gartenverein-erdmannsdorf.de\/wp-content\/uploads\/IMG_0567-2048x1122.jpg 2048w, https:\/\/www.gartenverein-erdmannsdorf.de\/wp-content\/uploads\/IMG_0567-500x274.jpg 500w\" sizes=\"(max-width: 2560px) 100vw, 2560px\" \/><\/a><\/p>\n<p style=\"text-align: center;\">&nbsp;<strong>Lage und Anfahrt<\/strong>&nbsp;(klicken Sie auf \u201cRoutenplaner\u201d, um die Anfahrt von Ihrem Wohnort zum Gartenheim an der Jahnstra\u00dfe berechnen zu lassen):<\/p>\n<p style=\"text-align: center;\"><iframe loading=\"lazy\" src=\"http:\/\/maps.google.com\/maps?f=q&amp;source=s_q&amp;hl=de&amp;geocode=&amp;q=Jahnstra%C3%9Fe,+Erdmannsdorf,+Augustusburg,+Deutschland&amp;aq=0&amp;sll=50.818242,13.075861&amp;sspn=0.023534,0.062442&amp;vpsrc=0&amp;ie=UTF8&amp;hq=&amp;hnear=Jahnstra%C3%9Fe,+Erdmannsdorf+09573+Augustusburg,+Mittelsachsen,+Sachsen,+Deutschland&amp;t=h&amp;z=14&amp;ll=50.822258,13.071837&amp;output=embed\" width=\"640\" height=\"480\" frameborder=\"0\" marginwidth=\"0\" marginheight=\"0\" scrolling=\"no\"><\/iframe><br \/>\n<small><a style=\"color: #0000ff; text-align: center;\" href=\"http:\/\/maps.google.com\/maps?f=q&amp;source=embed&amp;hl=de&amp;geocode=&amp;q=Jahnstra%C3%9Fe,+Erdmannsdorf,+Augustusburg,+Deutschland&amp;aq=0&amp;sll=50.818242,13.075861&amp;sspn=0.023534,0.062442&amp;vpsrc=0&amp;ie=UTF8&amp;hq=&amp;hnear=Jahnstra%C3%9Fe,+Erdmannsdorf+09573+Augustusburg,+Mittelsachsen,+Sachsen,+Deutschland&amp;t=h&amp;z=14&amp;ll=50.822258,13.071837\">Gr\u00f6\u00dfere Kartenansicht<\/a><\/small><\/p>\n","protected":false},"excerpt":{"rendered":"<p>Unser Kleingartenverein wurde 1932 gegr\u00fcndet und besteht aus insgesamt 164 G\u00e4rten, welche sich in den Ortschaften Erdmannsdorf und Kunnersdorf befinden.&nbsp;&nbsp; Die insgesamt 153 G\u00e4rten in Erdmannsdorf teilen sich in 4 Anlagen auf, und befinden sich in leichter Hanglage in N\u00e4he &hellip; <a href=\"http:\/\/www.gartenverein-erdmannsdorf.de\">Weiterlesen <span class=\"meta-nav\">&rarr;<\/span><\/a><\/p>\n","protected":false},"author":1,"featured_media":0,"parent":0,"menu_order":1,"comment_status":"open","ping_status":"open","template":"sidebar-page.php","meta":{"ngg_post_thumbnail":0},"_links":{"self":[{"href":"https:\/\/www.gartenverein-erdmannsdorf.de\/index.php?rest_route=\/wp\/v2\/pages\/39"}],"collection":[{"href":"https:\/\/www.gartenverein-erdmannsdorf.de\/index.php?rest_route=\/wp\/v2\/pages"}],"about":[{"href":"https:\/\/www.gartenverein-erdmannsdorf.de\/index.php?rest_route=\/wp\/v2\/types\/page"}],"author":[{"embeddable":true,"href":"https:\/\/www.gartenverein-erdmannsdorf.de\/index.php?rest_route=\/wp\/v2\/users\/1"}],"replies":[{"embeddable":true,"href":"https:\/\/www.gartenverein-erdmannsdorf.de\/index.php?rest_route=%2Fwp%2Fv2%2Fcomments&post=39"}],"version-history":[{"count":45,"href":"https:\/\/www.gartenverein-erdmannsdorf.de\/index.php?rest_route=\/wp\/v2\/pages\/39\/revisions"}],"predecessor-version":[{"id":1087,"href":"https:\/\/www.gartenverein-erdmannsdorf.de\/index.php?rest_route=\/wp\/v2\/pages\/39\/revisions\/1087"}],"wp:attachment":[{"href":"https:\/\/www.gartenverein-erdmannsdorf.de\/index.php?rest_route=%2Fwp%2Fv2%2Fmedia&parent=39"}],"curies":[{"name":"wp","href":"https:\/\/api.w.org\/{rel}","templated":true}]}}