{"id":60,"date":"2011-10-21T00:03:24","date_gmt":"2011-10-21T00:03:24","guid":{"rendered":"http:\/\/www.gartenverein-erdmannsdorf.de\/?page_id=60"},"modified":"2026-03-29T10:57:59","modified_gmt":"2026-03-29T10:57:59","slug":"kosten-ubersicht","status":"publish","type":"page","link":"https:\/\/www.gartenverein-erdmannsdorf.de\/?page_id=60","title":{"rendered":"Kosten-\u00dcbersicht"},"content":{"rendered":"<p>Wir haben an dieser Stelle zur \u00dcbersicht die j\u00e4hrlichen Kosten eines durchschnittlich gro\u00dfen Gartens aufgef\u00fchrt. Die konkreten Kosten eines jeweiligen Gartens sind unter Anderem abh\u00e4ngig von der Gr\u00f6\u00dfe des Gartens, der geltenden Steuers\u00e4tze, Beitr\u00e4ge sowie vom Verbrauch an Wasser und Strom.&nbsp;<\/p>\n<h2><span style=\"text-decoration: underline;\"><span style=\"color: #993300; text-decoration: underline;\">fiktive Kosten f\u00fcr einen Garten mit ca. 350 m\u00b2 Fl\u00e4che:<\/span><\/span><\/h2>\n<h4>&nbsp;<\/h4>\n<ul>\n<li>Pacht:&nbsp;&nbsp; ca. 24,50 \u20ac<\/li>\n<li>Verbandsbeitrag und Vereinsbeitrag:&nbsp;&nbsp; ca. 40,00 \u20ac<\/li>\n<li>Kosten f\u00fcr Wasser- und Stromverbrauch:&nbsp;&nbsp; ca. 50,00 \u20ac&nbsp; (angenommene Verbrauchswerte: ca. 40 KWh und ca. 2m\u00b3)<\/li>\n<li>Kostenumlage:&nbsp;&nbsp; ca. 10,00 \u20ac<\/li>\n<\/ul>\n<p>\u2014\u2014\u2014\u2014\u2014\u2014\u2014\u2014\u2014\u2014\u2014\u2014\u2014\u2014\u2014\u2014\u2014\u2014\u2014\u2014\u2014\u2014\u2014\u2014\u2014\u2014\u2014\u2014\u2014\u2014\u2014\u2014\u2014\u2014\u2014\u2014\u2013<\/p>\n<p><strong>Summe:<span style=\"color: #ff0000;\"><em>&nbsp;&nbsp; ca. 124,50 \u20ac&nbsp; (pro Jahr)<\/em><\/span><\/strong><\/p>\n<div><strong><em>&nbsp;<\/em><\/strong><\/div>\n","protected":false},"excerpt":{"rendered":"<p>Wir haben an dieser Stelle zur \u00dcbersicht die j\u00e4hrlichen Kosten eines durchschnittlich gro\u00dfen Gartens aufgef\u00fchrt. Die konkreten Kosten eines jeweiligen Gartens sind unter Anderem abh\u00e4ngig von der Gr\u00f6\u00dfe des Gartens, der geltenden Steuers\u00e4tze, Beitr\u00e4ge sowie vom Verbrauch an Wasser und &hellip; <a href=\"https:\/\/www.gartenverein-erdmannsdorf.de\/?page_id=60\">Weiterlesen <span class=\"meta-nav\">&rarr;<\/span><\/a><\/p>\n","protected":false},"author":1,"featured_media":0,"parent":0,"menu_order":5,"comment_status":"open","ping_status":"open","template":"sidebar-page.php","meta":{"ngg_post_thumbnail":0},"_links":{"self":[{"href":"https:\/\/www.gartenverein-erdmannsdorf.de\/index.php?rest_route=\/wp\/v2\/pages\/60"}],"collection":[{"href":"https:\/\/www.gartenverein-erdmannsdorf.de\/index.php?rest_route=\/wp\/v2\/pages"}],"about":[{"href":"https:\/\/www.gartenverein-erdmannsdorf.de\/index.php?rest_route=\/wp\/v2\/types\/page"}],"author":[{"embeddable":true,"href":"https:\/\/www.gartenverein-erdmannsdorf.de\/index.php?rest_route=\/wp\/v2\/users\/1"}],"replies":[{"embeddable":true,"href":"https:\/\/www.gartenverein-erdmannsdorf.de\/index.php?rest_route=%2Fwp%2Fv2%2Fcomments&post=60"}],"version-history":[{"count":5,"href":"https:\/\/www.gartenverein-erdmannsdorf.de\/index.php?rest_route=\/wp\/v2\/pages\/60\/revisions"}],"predecessor-version":[{"id":1085,"href":"https:\/\/www.gartenverein-erdmannsdorf.de\/index.php?rest_route=\/wp\/v2\/pages\/60\/revisions\/1085"}],"wp:attachment":[{"href":"https:\/\/www.gartenverein-erdmannsdorf.de\/index.php?rest_route=%2Fwp%2Fv2%2Fmedia&parent=60"}],"curies":[{"name":"wp","href":"https:\/\/api.w.org\/{rel}","templated":true}]}}